{"id":8624,"date":"2022-01-29T13:38:50","date_gmt":"2022-01-29T13:38:50","guid":{"rendered":"https:\/\/ambishop.be\/index.php\/mijn-account\/"},"modified":"2026-01-23T12:51:56","modified_gmt":"2026-01-23T11:51:56","slug":"welkom","status":"publish","type":"page","link":"https:\/\/ambishop.be\/index.php\/welkom\/","title":{"rendered":"Ambishop &#8211; Welkom"},"content":{"rendered":"<p>Textiel van hier<\/p>\n<p>                Ich b\u00e8n t\u00ebrri\u00ebbel sj\u00f3on<br \/>\n                \u20ac15<br \/>\n                GA NAAR ARTIKEL<\/p>\n<p>                Stroap<br \/>\n                \u20ac19,50<br \/>\n                GA NAAR ARTIKEL<\/p>\n<p>                Strooplekker<br \/>\n                \u20ac15<br \/>\n                GA NAAR ARTIKEL<\/p>\n<p>                B\u00e0boe<br \/>\n                \u20ac15<br \/>\n                GA NAAR ARTIKEL<\/p>\n<p>                Poetwannes<br \/>\n                \u20ac15<br \/>\n                GA NAAR ARTIKEL<\/p>\n<p>         Hoodies &amp; sweaters #VANHIER<\/p>\n<p>                B\u00e0boe<br \/>\n                \u20ac30<br \/>\n                GA NAAR ARTIKEL<\/p>\n<p>                Poetwannes<br \/>\n                \u20ac30<br \/>\n                GA NAAR ARTIKEL<\/p>\n<p>                Dauv\u00ebp\u00ef\u00ea<br \/>\n                \u20ac30<br \/>\n                GA NAAR ARTIKEL<\/p>\n<p>                Ni heil hoew\u00e8k<br \/>\n                \u20ac30<br \/>\n                GA NAAR ARTIKEL<\/p>\n<p>                Halk\u00ebt\u00ef<br \/>\n                \u20ac30<br \/>\n                GA NAAR ARTIKEL<\/p>\n<p>                 T\u00f3ng\u00ebr\u00eb<br \/>\n                \u20ac30<br \/>\n                GA NAAR ARTIKEL<\/p>\n<p>                 Sj\u00ebbabb\u00ebl<br \/>\n                \u20ac30<br \/>\n                GA NAAR ARTIKEL<\/p>\n<p>                 Art of Ambiorix<br \/>\n                \u20ac30<br \/>\n                GA NAAR ARTIKEL<\/p>\n<p>                 S\u00f2pnol<br \/>\n                \u20ac25<br \/>\n                GA NAAR ARTIKEL<\/p>\n<p>                Strooplekker<br \/>\n                \u20ac25<br \/>\n                GA NAAR ARTIKEL<\/p>\n<p>                Vodd\u00ebman<br \/>\n                \u20ac25<br \/>\n                GA NAAR ARTIKEL<\/p>\n<p>                Sjand\u00f4l\u00ebrai<br \/>\n                \u20ac25<br \/>\n                GA NAAR ARTIKEL<\/p>\n<p>                Bl\u00e0ggeur<\/p>\n<p>                \u20ac30<br \/>\n                GA NAAR ARTIKEL<\/p>\n<p>                 Hey Poem<br \/>\n                \u20ac25<br \/>\n                GA NAAR ARTIKEL<\/p>\n<p>                 Ich b\u00e8n t\u00ebrri\u00ebbel sj\u00f3on<br \/>\n                \u20ac25<br \/>\n                GA NAAR ARTIKEL<\/p>\n<p>                  Online &amp; fysieke winkel<br \/>\n                  Sinds 2023 zitte\u200bn we in het straatbeeld van Tongeren-Borgloon. Begonnen als conceptstore (online en offline) om daarna ons sterk te maken als &#8216;souvenir &amp; giftshop&#8217;. Naast dat verkopen we gepersonaliseerde textiel, premium objects (La Caleta) en nog veel meer. Ontdek alles op onze webshop of kom langs in de winkel.<\/p>\n<p>                       Lokaal maar ook digitaal<\/p>\n<p>                      Makkelijk afhalen of verzenden<\/p>\n<p>                      In stock? Binnen de 24u verzonden!&nbsp;<\/p>\n<p>        Waaij ziet et aut?<br \/>\n        (*) Hoe gaat het met jou?<\/p>\n<p>        Vrijgezellig<br \/>\n        minimum 5 stuks <\/p>\n<p>                Eigen ontwerp<br \/>\n                \u20ac11<br \/>\n                GA NAAR ARTIKEL<\/p>\n<p>                Vrijgezel?<br \/>\n                \u20ac11<br \/>\n                bINNENKORT BESCHIKBAAR..<\/p>\n<p>                Team Bride<br \/>\n                \u20ac11<br \/>\n                BINNENKORT BESCHIKBAAR..<\/p>\n<p>        Reviews<br \/>\n         Echte ervaringen van klanten die kozen voor kwaliteit, service en een resultaat waar ze trots op zijn.&nbsp;We zijn pas tevreden als jij dat bent. Deze reviews zeggen meer dan duizend woorden.<\/p>\n<p>                 Sam Cunen<br \/>\n                &nbsp; &nbsp; &nbsp; &nbsp; &nbsp;\u200b&nbsp;\u200b&nbsp; <\/p>\n<p>                 Zeer leuke platen uit aluminium en snelle levering. Vriendelijkheid gegarandeerd&#x1f44c;&#x1f44c;&#x1f44c;&#x1f609;<\/p>\n<p>                 Stefanie Mesotten<br \/>\n                &nbsp; &nbsp; &nbsp; &nbsp; &nbsp;\u200b&nbsp;\u200b&nbsp; <\/p>\n<p>                 Super vriendelijk, staan open voor alle idee\u00ebn, hebben zelfs een gepersonaliseerde magneet laten maken super mensen<\/p>\n<p>                Mieke Moonen<\/p>\n<p>                &nbsp; &nbsp; &nbsp; &nbsp; &nbsp;\u200b&nbsp;\u200b&nbsp; <\/p>\n<p>                 Zeer vriendelijke geholpen, ze staan met raad en daad klaar. Je vraagt iets specifiek en ze proberen je zo goed mogelijk te helpen. Ik heb een ooglapje gemaakt en een Ferrari schiltje laaten opzetten. Thuis heb ik verdere afwerking gedaan. Dit is het resultaat.<\/p>\n<p>                 Cindy Onckelinx<\/p>\n<p>                &nbsp; &nbsp; &nbsp; &nbsp; &nbsp;\u200b&nbsp;\u200b&nbsp; <\/p>\n<p>                 Supersnelle en heel vriendelijke service. Aanrader voor wie iets wil laten bedrukken of een ander leuk cadeautje zoekt.<\/p>\n<p>                 Ludwig Vandebosch<\/p>\n<p>                &nbsp; &nbsp; &nbsp; &nbsp; &nbsp;\u200b&nbsp;\u200b&nbsp; <\/p>\n<p>                 Supersnelle service!! Zelfs last minute bestellingen worden met de grootste zorg en met de brede glimlach afgewerkt!! Echte aanrader!<\/p>\n<p>                Mirella Stassen<\/p>\n<p>                &nbsp; &nbsp; &nbsp; &nbsp; &nbsp;\u200b&nbsp;\u200b&nbsp; <\/p>\n<p>                 Super,&#8230; en tevreden van mijn aankopen en wat een leuke originele cadeautjes, de toppers waren voor ons althans,&#8230;. de tongerse biertjes en de t-shirt met tekst in Tongers dialect erop gedrukt. Dankjewel Ambishop<\/p>\n<p>        SHOP-IN-SHOP<\/p>\n<p>        Clubs of merken die als &#8216;shop-in-shop&#8217; actief zijn bij Ambishop<\/p>\n<p>                    Personaliseren?<\/p>\n<p>                     Ehh.. Ja dat kan!<\/p>\n<p>                      Name<\/p>\n<p>                      Email<\/p>\n<p>                      Telefoon \/ GSM<\/p>\n<p>                      Message<\/p>\n<p>                      Personaliseer<\/p>\n<p>                    Bedankt! Je bericht is verstuurd.<br \/>\n                    Niet mogelijk om je bericht te sturen. Controleer de fouten en probeer opnieuw a.u.b. .<\/p>\n<p>                    Neem contact met ons op<\/p>\n<p>                      Name<\/p>\n<p>                      Email<\/p>\n<p>                      Telefoon \/ GSM<\/p>\n<p>                      Message<\/p>\n<p>                      Ik accepteer de&nbsp;Servicevoorwaarden<\/p>\n<p>                      Bericht verzenden<\/p>\n<p>                    Bedankt! Je bericht is verstuurd.<br \/>\n                    Niet mogelijk om je bericht te sturen. Controleer de fouten en probeer opnieuw a.u.b. .<\/p>\n","protected":false},"excerpt":{"rendered":"<p>Textiel van hier Ich b\u00e8n t\u00ebrri\u00ebbel sj\u00f3on \u20ac15 GA NAAR ARTIKEL Stroap \u20ac19,50 GA NAAR ARTIKEL Strooplekker \u20ac15 GA NAAR ARTIKEL B\u00e0boe \u20ac15 GA NAAR ARTIKEL Poetwannes \u20ac15 GA NAAR ARTIKEL Hoodies &amp; sweaters #VANHIER B\u00e0boe \u20ac30 GA NAAR ARTIKEL Poetwannes \u20ac30 GA NAAR ARTIKEL Dauv\u00ebp\u00ef\u00ea \u20ac30 GA NAAR ARTIKEL Ni heil hoew\u00e8k \u20ac30 GA [&hellip;]<\/p>\n","protected":false},"author":1,"featured_media":12936,"parent":0,"menu_order":1,"comment_status":"closed","ping_status":"closed","template":"","meta":{"footnotes":""},"class_list":["post-8624","page","type-page","status-publish","has-post-thumbnail","hentry"],"blocksy_meta":[],"jetpack_sharing_enabled":true,"_links":{"self":[{"href":"https:\/\/ambishop.be\/index.php\/wp-json\/wp\/v2\/pages\/8624","targetHints":{"allow":["GET"]}}],"collection":[{"href":"https:\/\/ambishop.be\/index.php\/wp-json\/wp\/v2\/pages"}],"about":[{"href":"https:\/\/ambishop.be\/index.php\/wp-json\/wp\/v2\/types\/page"}],"author":[{"embeddable":true,"href":"https:\/\/ambishop.be\/index.php\/wp-json\/wp\/v2\/users\/1"}],"replies":[{"embeddable":true,"href":"https:\/\/ambishop.be\/index.php\/wp-json\/wp\/v2\/comments?post=8624"}],"version-history":[{"count":99,"href":"https:\/\/ambishop.be\/index.php\/wp-json\/wp\/v2\/pages\/8624\/revisions"}],"predecessor-version":[{"id":13114,"href":"https:\/\/ambishop.be\/index.php\/wp-json\/wp\/v2\/pages\/8624\/revisions\/13114"}],"wp:featuredmedia":[{"embeddable":true,"href":"https:\/\/ambishop.be\/index.php\/wp-json\/wp\/v2\/media\/12936"}],"wp:attachment":[{"href":"https:\/\/ambishop.be\/index.php\/wp-json\/wp\/v2\/media?parent=8624"}],"curies":[{"name":"wp","href":"https:\/\/api.w.org\/{rel}","templated":true}]}}