{"id":12165,"date":"2025-04-01T16:03:08","date_gmt":"2025-04-01T16:03:08","guid":{"rendered":"https:\/\/ambishop.be\/?post_type=product&#038;p=12165"},"modified":"2025-04-02T12:41:28","modified_gmt":"2025-04-02T12:41:28","slug":"dialect-ich-mot-zjus-niks","status":"publish","type":"product","link":"https:\/\/ambishop.be\/index.php\/product\/dialect-ich-mot-zjus-niks\/","title":{"rendered":"Dialect &#8211; Ich mo&#8217;t zj\u00fcs n\u00efks"},"content":{"rendered":"<p>&#8220;Ich mo&#8217;t zj\u00fcs n\u00efks&#8221; \u2013 de perfecte quote voor wie houdt van ontspannen en geen druk wilt van buitenaf. Leuke onderliggende boodschap voor op het werk, school of examens.<\/p>\n<p><img fetchpriority=\"high\" decoding=\"async\" class=\"alignnone wp-image-12264\" src=\"https:\/\/ambishop.be\/wp-content\/uploads\/2025\/04\/DSA-300x68.png\" alt=\"\" width=\"1240\" height=\"281\" srcset=\"https:\/\/ambishop.be\/wp-content\/uploads\/2025\/04\/DSA-300x68.png 300w, https:\/\/ambishop.be\/wp-content\/uploads\/2025\/04\/DSA-scaled-600x136.png 600w, https:\/\/ambishop.be\/wp-content\/uploads\/2025\/04\/DSA-1024x232.png 1024w, https:\/\/ambishop.be\/wp-content\/uploads\/2025\/04\/DSA-768x174.png 768w, https:\/\/ambishop.be\/wp-content\/uploads\/2025\/04\/DSA-1536x349.png 1536w, https:\/\/ambishop.be\/wp-content\/uploads\/2025\/04\/DSA-2048x465.png 2048w\" sizes=\"(max-width: 1240px) 100vw, 1240px\" \/><\/p>\n<p>&nbsp;<\/p>\n","protected":false},"excerpt":{"rendered":"<p>&#8220;Ich mo&#8217;t zj\u00fcs n\u00efks&#8221; \u2013 de perfecte quote voor wie houdt van ontspannen en geen druk wilt van buitenaf. Leuke onderliggende boodschap voor op het werk, school of examens. &nbsp;<\/p>\n","protected":false},"featured_media":12104,"template":"","meta":[],"product_brand":[],"product_cat":[210],"product_tag":[],"class_list":{"0":"post-12165","1":"product","2":"type-product","3":"status-publish","4":"has-post-thumbnail","6":"product_cat-ambishop","8":"first","9":"instock","10":"taxable","11":"shipping-taxable","12":"purchasable","13":"product-type-variable"},"jetpack_sharing_enabled":true,"_links":{"self":[{"href":"https:\/\/ambishop.be\/index.php\/wp-json\/wp\/v2\/product\/12165","targetHints":{"allow":["GET"]}}],"collection":[{"href":"https:\/\/ambishop.be\/index.php\/wp-json\/wp\/v2\/product"}],"about":[{"href":"https:\/\/ambishop.be\/index.php\/wp-json\/wp\/v2\/types\/product"}],"wp:featuredmedia":[{"embeddable":true,"href":"https:\/\/ambishop.be\/index.php\/wp-json\/wp\/v2\/media\/12104"}],"wp:attachment":[{"href":"https:\/\/ambishop.be\/index.php\/wp-json\/wp\/v2\/media?parent=12165"}],"wp:term":[{"taxonomy":"product_brand","embeddable":true,"href":"https:\/\/ambishop.be\/index.php\/wp-json\/wp\/v2\/product_brand?post=12165"},{"taxonomy":"product_cat","embeddable":true,"href":"https:\/\/ambishop.be\/index.php\/wp-json\/wp\/v2\/product_cat?post=12165"},{"taxonomy":"product_tag","embeddable":true,"href":"https:\/\/ambishop.be\/index.php\/wp-json\/wp\/v2\/product_tag?post=12165"}],"curies":[{"name":"wp","href":"https:\/\/api.w.org\/{rel}","templated":true}]}}