{"id":12188,"date":"2025-04-01T21:38:50","date_gmt":"2025-04-01T21:38:50","guid":{"rendered":"https:\/\/ambishop.be\/?post_type=product&#038;p=12188"},"modified":"2025-04-02T12:44:23","modified_gmt":"2025-04-02T12:44:23","slug":"bdialect-terriebel","status":"publish","type":"product","link":"https:\/\/ambishop.be\/index.php\/product\/bdialect-terriebel\/","title":{"rendered":"Dialect &#8211; T\u00ebrri\u00ebb\u00ebl"},"content":{"rendered":"<p>&#8216;Ich b\u00e9n t\u00ebrri\u00ebb\u00ebl sj\u00f2on&#8221; &#8211; oftewel &#8216;ik ben wondermooi&#8217;, dat ben je ook! Zeker dankzij dit t-shirt, een mengeling van typische Tongerse woorden die je ook enkel kan uitspreken met die ene &#8216;Tongerse klank&#8217;. Probeer eens?<\/p>\n<p><img fetchpriority=\"high\" decoding=\"async\" class=\"alignnone  wp-image-12264\" src=\"https:\/\/ambishop.be\/wp-content\/uploads\/2025\/04\/DSA-300x68.png\" alt=\"\" width=\"1191\" height=\"270\" srcset=\"https:\/\/ambishop.be\/wp-content\/uploads\/2025\/04\/DSA-300x68.png 300w, https:\/\/ambishop.be\/wp-content\/uploads\/2025\/04\/DSA-scaled-600x136.png 600w, https:\/\/ambishop.be\/wp-content\/uploads\/2025\/04\/DSA-1024x232.png 1024w, https:\/\/ambishop.be\/wp-content\/uploads\/2025\/04\/DSA-768x174.png 768w, https:\/\/ambishop.be\/wp-content\/uploads\/2025\/04\/DSA-1536x349.png 1536w, https:\/\/ambishop.be\/wp-content\/uploads\/2025\/04\/DSA-2048x465.png 2048w\" sizes=\"(max-width: 1191px) 100vw, 1191px\" \/><\/p>\n","protected":false},"excerpt":{"rendered":"<p>&#8216;Ich b\u00e9n t\u00ebrri\u00ebb\u00ebl sj\u00f2on&#8221; &#8211; oftewel &#8216;ik ben wondermooi&#8217;, dat ben je ook! Zeker dankzij dit t-shirt, een mengeling van typische Tongerse woorden die je ook enkel kan uitspreken met die ene &#8216;Tongerse klank&#8217;. Probeer eens?<\/p>\n","protected":false},"featured_media":12105,"template":"","meta":[],"product_brand":[],"product_cat":[210],"product_tag":[],"class_list":{"0":"post-12188","1":"product","2":"type-product","3":"status-publish","4":"has-post-thumbnail","6":"product_cat-ambishop","8":"first","9":"instock","10":"taxable","11":"shipping-taxable","12":"purchasable","13":"product-type-variable","14":"has-default-attributes"},"jetpack_sharing_enabled":true,"_links":{"self":[{"href":"https:\/\/ambishop.be\/index.php\/wp-json\/wp\/v2\/product\/12188","targetHints":{"allow":["GET"]}}],"collection":[{"href":"https:\/\/ambishop.be\/index.php\/wp-json\/wp\/v2\/product"}],"about":[{"href":"https:\/\/ambishop.be\/index.php\/wp-json\/wp\/v2\/types\/product"}],"wp:featuredmedia":[{"embeddable":true,"href":"https:\/\/ambishop.be\/index.php\/wp-json\/wp\/v2\/media\/12105"}],"wp:attachment":[{"href":"https:\/\/ambishop.be\/index.php\/wp-json\/wp\/v2\/media?parent=12188"}],"wp:term":[{"taxonomy":"product_brand","embeddable":true,"href":"https:\/\/ambishop.be\/index.php\/wp-json\/wp\/v2\/product_brand?post=12188"},{"taxonomy":"product_cat","embeddable":true,"href":"https:\/\/ambishop.be\/index.php\/wp-json\/wp\/v2\/product_cat?post=12188"},{"taxonomy":"product_tag","embeddable":true,"href":"https:\/\/ambishop.be\/index.php\/wp-json\/wp\/v2\/product_tag?post=12188"}],"curies":[{"name":"wp","href":"https:\/\/api.w.org\/{rel}","templated":true}]}}