{"id":12766,"date":"2025-04-19T15:59:13","date_gmt":"2025-04-19T15:59:13","guid":{"rendered":"https:\/\/ambishop.be\/?post_type=product&#038;p=12766"},"modified":"2025-04-19T16:00:05","modified_gmt":"2025-04-19T16:00:05","slug":"dialect-ich-ben-terriebel-sjoon","status":"publish","type":"product","link":"https:\/\/ambishop.be\/index.php\/product\/dialect-ich-ben-terriebel-sjoon\/","title":{"rendered":"Dialect &#8211; Ich b\u00e8n t\u00ebrri\u00ebbel sj\u00f3on"},"content":{"rendered":"<p>\u2018Ich b\u00e9n t\u00ebrri\u00ebb\u00ebl sj\u00f2on\u201d \u2013 oftewel \u2018ik ben wondermooi\u2019, dat ben je ook! Zeker dankzij dit t-shirt, een mengeling van typische Tongerse woorden die je ook enkel kan uitspreken met die ene \u2018Tongerse klank\u2019. Probeer eens?<\/p>\n<p><img fetchpriority=\"high\" decoding=\"async\" class=\"alignnone wp-image-12264\" src=\"https:\/\/ambishop.be\/wp-content\/uploads\/2025\/04\/DSA-300x68.png\" alt=\"\" width=\"1240\" height=\"281\" srcset=\"https:\/\/ambishop.be\/wp-content\/uploads\/2025\/04\/DSA-300x68.png 300w, https:\/\/ambishop.be\/wp-content\/uploads\/2025\/04\/DSA-scaled-600x136.png 600w, https:\/\/ambishop.be\/wp-content\/uploads\/2025\/04\/DSA-1024x232.png 1024w, https:\/\/ambishop.be\/wp-content\/uploads\/2025\/04\/DSA-768x174.png 768w, https:\/\/ambishop.be\/wp-content\/uploads\/2025\/04\/DSA-1536x349.png 1536w, https:\/\/ambishop.be\/wp-content\/uploads\/2025\/04\/DSA-2048x465.png 2048w\" sizes=\"(max-width: 1240px) 100vw, 1240px\" \/><\/p>\n<p>&nbsp;<\/p>\n","protected":false},"excerpt":{"rendered":"<p>\u2018Ich b\u00e9n t\u00ebrri\u00ebb\u00ebl sj\u00f2on\u201d \u2013 oftewel \u2018ik ben wondermooi\u2019, dat ben je ook! Zeker dankzij dit t-shirt, een mengeling van typische Tongerse woorden die je ook enkel kan uitspreken met die ene \u2018Tongerse klank\u2019. Probeer eens? &nbsp;<\/p>\n","protected":false},"featured_media":12755,"template":"","meta":[],"product_brand":[220],"product_cat":[210],"product_tag":[],"class_list":{"0":"post-12766","1":"product","2":"type-product","3":"status-publish","4":"has-post-thumbnail","6":"product_brand-ambishop","7":"product_cat-ambishop","9":"first","10":"instock","11":"taxable","12":"shipping-taxable","13":"purchasable","14":"product-type-variable"},"jetpack_sharing_enabled":true,"_links":{"self":[{"href":"https:\/\/ambishop.be\/index.php\/wp-json\/wp\/v2\/product\/12766","targetHints":{"allow":["GET"]}}],"collection":[{"href":"https:\/\/ambishop.be\/index.php\/wp-json\/wp\/v2\/product"}],"about":[{"href":"https:\/\/ambishop.be\/index.php\/wp-json\/wp\/v2\/types\/product"}],"wp:featuredmedia":[{"embeddable":true,"href":"https:\/\/ambishop.be\/index.php\/wp-json\/wp\/v2\/media\/12755"}],"wp:attachment":[{"href":"https:\/\/ambishop.be\/index.php\/wp-json\/wp\/v2\/media?parent=12766"}],"wp:term":[{"taxonomy":"product_brand","embeddable":true,"href":"https:\/\/ambishop.be\/index.php\/wp-json\/wp\/v2\/product_brand?post=12766"},{"taxonomy":"product_cat","embeddable":true,"href":"https:\/\/ambishop.be\/index.php\/wp-json\/wp\/v2\/product_cat?post=12766"},{"taxonomy":"product_tag","embeddable":true,"href":"https:\/\/ambishop.be\/index.php\/wp-json\/wp\/v2\/product_tag?post=12766"}],"curies":[{"name":"wp","href":"https:\/\/api.w.org\/{rel}","templated":true}]}}